{"id":312,"date":"2023-06-03T15:22:16","date_gmt":"2023-06-03T15:22:16","guid":{"rendered":"https:\/\/2sbusiness.com\/blog\/"},"modified":"2023-06-03T15:26:13","modified_gmt":"2023-06-03T15:26:13","slug":"blog","status":"publish","type":"page","link":"https:\/\/2sbusiness.com\/en\/blog\/","title":{"rendered":"Blog"},"content":{"rendered":"<div data-elementor-type=\"page\" data-elementor-id=\"312\" class=\"elementor elementor-312\" data-elementor-post-type=\"page\">\n\t\t\t\t\t\t<section data-particle_enable=\"false\" data-particle-mobile-disabled=\"false\" class=\"elementor-section elementor-top-section elementor-element elementor-element-31254cb6 elementor-reverse-tablet elementor-reverse-mobile elementor-section-boxed elementor-section-height-default elementor-section-height-default\" data-id=\"31254cb6\" data-element_type=\"section\" data-settings=\"{&quot;background_background&quot;:&quot;gradient&quot;}\">\n\t\t\t\t\t\t\t<div class=\"elementor-background-overlay\"><\/div>\n\t\t\t\t\t\t\t<div class=\"elementor-container elementor-column-gap-no\">\n\t\t\t\t\t<div class=\"elementor-column elementor-col-100 elementor-top-column elementor-element elementor-element-55640bfa\" data-id=\"55640bfa\" data-element_type=\"column\">\n\t\t\t<div class=\"elementor-widget-wrap elementor-element-populated\">\n\t\t\t\t\t\t<div class=\"elementor-element elementor-element-44e178dc elementor-widget elementor-widget-heading\" data-id=\"44e178dc\" data-element_type=\"widget\" data-widget_type=\"heading.default\">\n\t\t\t\t<div class=\"elementor-widget-container\">\n\t\t\t\t\t<h1 class=\"elementor-heading-title elementor-size-default\">Blog<\/h1>\t\t\t\t<\/div>\n\t\t\t\t<\/div>\n\t\t\t\t<div class=\"elementor-element elementor-element-5f7a9200 elementor-widget elementor-widget-heading\" data-id=\"5f7a9200\" data-element_type=\"widget\" data-widget_type=\"heading.default\">\n\t\t\t\t<div class=\"elementor-widget-container\">\n\t\t\t\t\t<p class=\"elementor-heading-title elementor-size-default\">O melhor Caminho para o seu neg\u00f3cio.<\/p>\t\t\t\t<\/div>\n\t\t\t\t<\/div>\n\t\t\t\t<div class=\"elementor-element elementor-element-7220faaa elementor-tablet-align-center elementor-align-center elementor-widget elementor-widget-button\" data-id=\"7220faaa\" data-element_type=\"widget\" data-widget_type=\"button.default\">\n\t\t\t\t<div class=\"elementor-widget-container\">\n\t\t\t\t\t\t\t\t\t<div class=\"elementor-button-wrapper\">\n\t\t\t\t\t<a class=\"elementor-button elementor-button-link elementor-size-md elementor-animation-shrink\" href=\"https:\/\/2sbusiness.com\/en\/\">\n\t\t\t\t\t\t<span class=\"elementor-button-content-wrapper\">\n\t\t\t\t\t\t\t\t\t<span class=\"elementor-button-text\">voltar para a home<\/span>\n\t\t\t\t\t<\/span>\n\t\t\t\t\t<\/a>\n\t\t\t\t<\/div>\n\t\t\t\t\t\t\t\t<\/div>\n\t\t\t\t<\/div>\n\t\t\t\t\t<\/div>\n\t\t<\/div>\n\t\t\t\t\t<\/div>\n\t\t<\/section>\n\t\t\t\t<section data-particle_enable=\"false\" data-particle-mobile-disabled=\"false\" class=\"elementor-section elementor-top-section elementor-element elementor-element-6804468f elementor-section-boxed elementor-section-height-default elementor-section-height-default\" data-id=\"6804468f\" data-element_type=\"section\">\n\t\t\t\t\t\t<div class=\"elementor-container elementor-column-gap-no\">\n\t\t\t\t\t<div class=\"elementor-column elementor-col-100 elementor-top-column elementor-element elementor-element-f35e798\" data-id=\"f35e798\" data-element_type=\"column\">\n\t\t\t<div class=\"elementor-widget-wrap elementor-element-populated\">\n\t\t\t\t\t\t<div class=\"elementor-element elementor-element-4777b403 elementor-posts--align-left elementor-grid-3 elementor-grid-tablet-2 elementor-grid-mobile-1 elementor-posts--thumbnail-top elementor-widget elementor-widget-posts\" data-id=\"4777b403\" data-element_type=\"widget\" data-settings=\"{&quot;classic_row_gap&quot;:{&quot;unit&quot;:&quot;px&quot;,&quot;size&quot;:25,&quot;sizes&quot;:[]},&quot;classic_row_gap_mobile&quot;:{&quot;unit&quot;:&quot;px&quot;,&quot;size&quot;:23,&quot;sizes&quot;:[]},&quot;classic_columns&quot;:&quot;3&quot;,&quot;classic_columns_tablet&quot;:&quot;2&quot;,&quot;classic_columns_mobile&quot;:&quot;1&quot;,&quot;classic_row_gap_tablet&quot;:{&quot;unit&quot;:&quot;px&quot;,&quot;size&quot;:&quot;&quot;,&quot;sizes&quot;:[]}}\" data-widget_type=\"posts.classic\">\n\t\t\t\t<div class=\"elementor-widget-container\">\n\t\t\t\t\t\t\t<div class=\"elementor-posts-container elementor-posts elementor-posts--skin-classic elementor-grid\">\n\t\t\t\t<article class=\"elementor-post elementor-grid-item post-287 post type-post status-publish format-standard hentry category-gestao-e-educacao category-uncategorized\">\n\t\t\t\t<div class=\"elementor-post__text\">\n\t\t\t\t<h2 class=\"elementor-post__title\">\n\t\t\t<a href=\"https:\/\/2sbusiness.com\/en\/2023\/06\/03\/como-priorizar-de-forma-eficiente\/\" >\n\t\t\t\tPrioriza\u00e7\u00e3o Eficiente\t\t\t<\/a>\n\t\t<\/h2>\n\t\t\t\t<div class=\"elementor-post__meta-data\">\n\t\t\t\t\t<span class=\"elementor-post-date\">\n\t\t\tJune 3, 2023\t\t<\/span>\n\t\t\t\t<span class=\"elementor-post-avatar\">\n\t\t\tNo Comments\t\t<\/span>\n\t\t\t\t<\/div>\n\t\t\t\t<div class=\"elementor-post__excerpt\">\n\t\t\t<p>Prioriza\u00e7\u00e3o Eficiente A Import\u00e2ncia da Correta Prioriza\u00e7\u00e3o do Product Backlog no Desenvolvimento \u00c1gil de Projetos de Tecnologia No mundo acelerado da tecnologia, onde os projetos evoluem rapidamente e as demandas dos clientes est\u00e3o sempre<\/p>\n\t\t<\/div>\n\t\t\n\t\t<a class=\"elementor-post__read-more\" href=\"https:\/\/2sbusiness.com\/en\/2023\/06\/03\/como-priorizar-de-forma-eficiente\/\" aria-label=\"Read more about Prioriza\u00e7\u00e3o Eficiente\" tabindex=\"-1\" >\n\t\t\tRead More \u00bb\t\t<\/a>\n\n\t\t\t\t<\/div>\n\t\t\t\t<\/article>\n\t\t\t\t<article class=\"elementor-post elementor-grid-item post-447 post type-post status-publish format-standard hentry category-ranking-melhoria-continua\">\n\t\t\t\t<div class=\"elementor-post__text\">\n\t\t\t\t<h2 class=\"elementor-post__title\">\n\t\t\t<a href=\"https:\/\/2sbusiness.com\/en\/2023\/08\/30\/os-melhores-livros-sobre-produtividade\/\" >\n\t\t\t\tOs melhores Livros sobre produtividade\t\t\t<\/a>\n\t\t<\/h2>\n\t\t\t\t<div class=\"elementor-post__meta-data\">\n\t\t\t\t\t<span class=\"elementor-post-date\">\n\t\t\tAugust 30, 2023\t\t<\/span>\n\t\t\t\t<span class=\"elementor-post-avatar\">\n\t\t\tNo Comments\t\t<\/span>\n\t\t\t\t<\/div>\n\t\t\t\t<div class=\"elementor-post__excerpt\">\n\t\t\t<p>Sele\u00e7\u00e3o: os melhores livros sobre produtividade Listamos abaixo uma sele\u00e7\u00e3o dos melhores livros para melhorar a sua produtividade: &#8220;Trabalhe 4 Horas por Semana&#8221; &#8211; Timothy Ferriss Neste livro, Timothy Ferriss compartilha estrat\u00e9gias para alcan\u00e7ar<\/p>\n\t\t<\/div>\n\t\t\n\t\t<a class=\"elementor-post__read-more\" href=\"https:\/\/2sbusiness.com\/en\/2023\/08\/30\/os-melhores-livros-sobre-produtividade\/\" aria-label=\"Read more about Os melhores Livros sobre produtividade\" tabindex=\"-1\" >\n\t\t\tRead More \u00bb\t\t<\/a>\n\n\t\t\t\t<\/div>\n\t\t\t\t<\/article>\n\t\t\t\t<article class=\"elementor-post elementor-grid-item post-467 post type-post status-publish format-standard hentry category-ranking-melhoria-continua\">\n\t\t\t\t<div class=\"elementor-post__text\">\n\t\t\t\t<h2 class=\"elementor-post__title\">\n\t\t\t<a href=\"https:\/\/2sbusiness.com\/en\/2023\/08\/31\/ranking-os-10-melhores-livros-sobre-agilidade-e-gestao-de-projetos-ageis\/\" >\n\t\t\t\tRanking: os 10 melhores livros sobre Agilidade e Gest\u00e3o de Projetos \u00c1geis.\t\t\t<\/a>\n\t\t<\/h2>\n\t\t\t\t<div class=\"elementor-post__meta-data\">\n\t\t\t\t\t<span class=\"elementor-post-date\">\n\t\t\tAugust 31, 2023\t\t<\/span>\n\t\t\t\t<span class=\"elementor-post-avatar\">\n\t\t\t1 Comment\t\t<\/span>\n\t\t\t\t<\/div>\n\t\t\t\t<div class=\"elementor-post__excerpt\">\n\t\t\t<p>Os 10 melhores livros sobre Agilidade e Gest\u00e3o de Projetos \u00c1geis Atua com Gest\u00e3o de Projetos \u00c1geis ou Agilidade? N\u00f3s listamos abaixo uma sele\u00e7\u00e3o com os melhores livros para fazer um &#8220;upgrade&#8221; em seus<\/p>\n\t\t<\/div>\n\t\t\n\t\t<a class=\"elementor-post__read-more\" href=\"https:\/\/2sbusiness.com\/en\/2023\/08\/31\/ranking-os-10-melhores-livros-sobre-agilidade-e-gestao-de-projetos-ageis\/\" aria-label=\"Read more about Ranking: os 10 melhores livros sobre Agilidade e Gest\u00e3o de Projetos \u00c1geis.\" tabindex=\"-1\" >\n\t\t\tRead More \u00bb\t\t<\/a>\n\n\t\t\t\t<\/div>\n\t\t\t\t<\/article>\n\t\t\t\t<article class=\"elementor-post elementor-grid-item post-481 post type-post status-publish format-standard hentry category-gestao-e-educacao category-uncategorized\">\n\t\t\t\t<div class=\"elementor-post__text\">\n\t\t\t\t<h2 class=\"elementor-post__title\">\n\t\t\t<a href=\"https:\/\/2sbusiness.com\/en\/2023\/10\/03\/gamificacao-em-projetos-de-ti\/\" >\n\t\t\t\tGamifica\u00e7\u00e3o em Projetos de TI\t\t\t<\/a>\n\t\t<\/h2>\n\t\t\t\t<div class=\"elementor-post__meta-data\">\n\t\t\t\t\t<span class=\"elementor-post-date\">\n\t\t\tOctober 3, 2023\t\t<\/span>\n\t\t\t\t<span class=\"elementor-post-avatar\">\n\t\t\tNo Comments\t\t<\/span>\n\t\t\t\t<\/div>\n\t\t\t\t<div class=\"elementor-post__excerpt\">\n\t\t\t<p>Gamifica\u00e7\u00e3o de Equipes: Uma Abordagem Motivadora para o Desenvolvimento de Sistemas de Tecnologia da Informa\u00e7\u00e3o A Import\u00e2ncia da Correta Prioriza\u00e7\u00e3o do Product Backlog no Desenvolvimento \u00c1gil de Projetos de Tecnologia No mundo altamente competitivo<\/p>\n\t\t<\/div>\n\t\t\n\t\t<a class=\"elementor-post__read-more\" href=\"https:\/\/2sbusiness.com\/en\/2023\/10\/03\/gamificacao-em-projetos-de-ti\/\" aria-label=\"Read more about Gamifica\u00e7\u00e3o em Projetos de TI\" tabindex=\"-1\" >\n\t\t\tRead More \u00bb\t\t<\/a>\n\n\t\t\t\t<\/div>\n\t\t\t\t<\/article>\n\t\t\t\t<article class=\"elementor-post elementor-grid-item post-488 post type-post status-publish format-standard hentry category-gestao-e-educacao category-uncategorized\">\n\t\t\t\t<div class=\"elementor-post__text\">\n\t\t\t\t<h2 class=\"elementor-post__title\">\n\t\t\t<a href=\"https:\/\/2sbusiness.com\/en\/2023\/10\/24\/como-realizar-uma-boa-reuniao-de-refinamento-dos-itens-de-backlog-no-scrum\/\" >\n\t\t\t\tComo realizar uma boa reuniao de Refinamento dos Itens de Backlog, no Scrum?\t\t\t<\/a>\n\t\t<\/h2>\n\t\t\t\t<div class=\"elementor-post__meta-data\">\n\t\t\t\t\t<span class=\"elementor-post-date\">\n\t\t\tOctober 24, 2023\t\t<\/span>\n\t\t\t\t<span class=\"elementor-post-avatar\">\n\t\t\tNo Comments\t\t<\/span>\n\t\t\t\t<\/div>\n\t\t\t\t<div class=\"elementor-post__excerpt\">\n\t\t\t<p>Quais os passos para realizar uma reunio de Refinamento dos Itens de Backlog, no Scrum?\u00a0 Uma reuni\u00e3o de refinamento de itens do backlog, tamb\u00e9m conhecida como &#8220;Sprint Backlog Refinement&#8221; ou &#8220;Product Backlog Refinement&#8221; no<\/p>\n\t\t<\/div>\n\t\t\n\t\t<a class=\"elementor-post__read-more\" href=\"https:\/\/2sbusiness.com\/en\/2023\/10\/24\/como-realizar-uma-boa-reuniao-de-refinamento-dos-itens-de-backlog-no-scrum\/\" aria-label=\"Read more about Como realizar uma boa reuniao de Refinamento dos Itens de Backlog, no Scrum?\" tabindex=\"-1\" >\n\t\t\tRead More \u00bb\t\t<\/a>\n\n\t\t\t\t<\/div>\n\t\t\t\t<\/article>\n\t\t\t\t<article class=\"elementor-post elementor-grid-item post-507 post type-post status-publish format-standard hentry category-gestao-e-educacao category-uncategorized\">\n\t\t\t\t<div class=\"elementor-post__text\">\n\t\t\t\t<h2 class=\"elementor-post__title\">\n\t\t\t<a href=\"https:\/\/2sbusiness.com\/en\/2024\/06\/18\/refinamento-de-historias-de-usuario-alcancando-a-definicao-de-preparado\/\" >\n\t\t\t\tRefinamento de Hist\u00f3rias de Usu\u00e1rio: Alcan\u00e7ando a Defini\u00e7\u00e3o de Preparado\t\t\t<\/a>\n\t\t<\/h2>\n\t\t\t\t<div class=\"elementor-post__meta-data\">\n\t\t\t\t\t<span class=\"elementor-post-date\">\n\t\t\tJune 18, 2024\t\t<\/span>\n\t\t\t\t<span class=\"elementor-post-avatar\">\n\t\t\tNo Comments\t\t<\/span>\n\t\t\t\t<\/div>\n\t\t\t\t<div class=\"elementor-post__excerpt\">\n\t\t\t<p>Refinamento de Hist\u00f3rias de Usu\u00e1rio: Alcan\u00e7ando a Defini\u00e7\u00e3o de Preparado No contexto da gest\u00e3o \u00c1gil com Scrum, as hist\u00f3rias de usu\u00e1rio s\u00e3o fundamentais para o desenvolvimento eficiente e eficaz de produtos. Contudo, para que<\/p>\n\t\t<\/div>\n\t\t\n\t\t<a class=\"elementor-post__read-more\" href=\"https:\/\/2sbusiness.com\/en\/2024\/06\/18\/refinamento-de-historias-de-usuario-alcancando-a-definicao-de-preparado\/\" aria-label=\"Read more about Refinamento de Hist\u00f3rias de Usu\u00e1rio: Alcan\u00e7ando a Defini\u00e7\u00e3o de Preparado\" tabindex=\"-1\" >\n\t\t\tRead More \u00bb\t\t<\/a>\n\n\t\t\t\t<\/div>\n\t\t\t\t<\/article>\n\t\t\t\t<\/div>\n\t\t\n\t\t\t\t\t\t<\/div>\n\t\t\t\t<\/div>\n\t\t\t\t\t<\/div>\n\t\t<\/div>\n\t\t\t\t\t<\/div>\n\t\t<\/section>\n\t\t\t\t<section data-particle_enable=\"false\" data-particle-mobile-disabled=\"false\" class=\"elementor-section elementor-top-section elementor-element elementor-element-2507a4cd elementor-section-boxed elementor-section-height-default elementor-section-height-default\" data-id=\"2507a4cd\" data-element_type=\"section\" data-settings=\"{&quot;background_background&quot;:&quot;classic&quot;}\">\n\t\t\t\t\t\t\t<div class=\"elementor-background-overlay\"><\/div>\n\t\t\t\t\t\t\t<div class=\"elementor-container elementor-column-gap-no\">\n\t\t\t\t\t<div class=\"elementor-column elementor-col-100 elementor-top-column elementor-element elementor-element-744b16c1\" data-id=\"744b16c1\" data-element_type=\"column\" data-settings=\"{&quot;background_background&quot;:&quot;classic&quot;}\">\n\t\t\t<div class=\"elementor-widget-wrap elementor-element-populated\">\n\t\t\t\t\t<div class=\"elementor-background-overlay\"><\/div>\n\t\t\t\t\t\t<div class=\"elementor-element elementor-element-72180314 elementor-widget elementor-widget-heading\" data-id=\"72180314\" data-element_type=\"widget\" data-widget_type=\"heading.default\">\n\t\t\t\t<div class=\"elementor-widget-container\">\n\t\t\t\t\t<h2 class=\"elementor-heading-title elementor-size-default\">2 s business<\/h2>\t\t\t\t<\/div>\n\t\t\t\t<\/div>\n\t\t\t\t<div class=\"elementor-element elementor-element-7f477441 elementor-widget elementor-widget-heading\" data-id=\"7f477441\" data-element_type=\"widget\" data-widget_type=\"heading.default\">\n\t\t\t\t<div class=\"elementor-widget-container\">\n\t\t\t\t\t<p class=\"elementor-heading-title elementor-size-default\">O melhor caminho para o seu neg\u00f3cio.<\/p>\t\t\t\t<\/div>\n\t\t\t\t<\/div>\n\t\t\t\t\t<\/div>\n\t\t<\/div>\n\t\t\t\t\t<\/div>\n\t\t<\/section>\n\t\t\t\t<\/div>","protected":false},"excerpt":{"rendered":"<p>Blog O melhor Caminho para o seu neg\u00f3cio. voltar para a home 2 s business O melhor caminho para o seu neg\u00f3cio.<\/p>","protected":false},"author":1,"featured_media":0,"parent":0,"menu_order":0,"comment_status":"closed","ping_status":"closed","template":"","meta":{"footnotes":""},"class_list":["post-312","page","type-page","status-publish","hentry"],"_links":{"self":[{"href":"https:\/\/2sbusiness.com\/en\/wp-json\/wp\/v2\/pages\/312","targetHints":{"allow":["GET"]}}],"collection":[{"href":"https:\/\/2sbusiness.com\/en\/wp-json\/wp\/v2\/pages"}],"about":[{"href":"https:\/\/2sbusiness.com\/en\/wp-json\/wp\/v2\/types\/page"}],"author":[{"embeddable":true,"href":"https:\/\/2sbusiness.com\/en\/wp-json\/wp\/v2\/users\/1"}],"replies":[{"embeddable":true,"href":"https:\/\/2sbusiness.com\/en\/wp-json\/wp\/v2\/comments?post=312"}],"version-history":[{"count":2,"href":"https:\/\/2sbusiness.com\/en\/wp-json\/wp\/v2\/pages\/312\/revisions"}],"predecessor-version":[{"id":314,"href":"https:\/\/2sbusiness.com\/en\/wp-json\/wp\/v2\/pages\/312\/revisions\/314"}],"wp:attachment":[{"href":"https:\/\/2sbusiness.com\/en\/wp-json\/wp\/v2\/media?parent=312"}],"curies":[{"name":"wp","href":"https:\/\/api.w.org\/{rel}","templated":true}]}}